{"id":809,"date":"2026-01-29T22:26:26","date_gmt":"2026-01-29T22:26:26","guid":{"rendered":"https:\/\/rgmobilnyserwischlodniczy.pl\/about\/"},"modified":"2026-02-05T18:22:02","modified_gmt":"2026-02-05T18:22:02","slug":"about","status":"publish","type":"page","link":"https:\/\/rgmobilnyserwischlodniczy.pl\/en\/about\/","title":{"rendered":"O nas RG Mobilny Serwis Ch\u0142odniczy"},"content":{"rendered":"<div data-elementor-type=\"wp-page\" data-elementor-id=\"809\" class=\"elementor elementor-809\">\n\t\t\t\t<div class=\"elementor-element elementor-element-ccfa463 e-grid e-con-boxed e-con e-parent\" data-id=\"ccfa463\" data-element_type=\"container\" data-e-type=\"container\" data-settings=\"{&quot;background_background&quot;:&quot;classic&quot;,&quot;animation&quot;:&quot;none&quot;,&quot;animation_delay&quot;:100}\">\n\t\t\t\t\t<div class=\"e-con-inner\">\n\t\t\t\t<div class=\"elementor-element elementor-element-8d03b32 e-transform elementor-widget elementor-widget-heading\" data-id=\"8d03b32\" data-element_type=\"widget\" data-e-type=\"widget\" data-settings=\"{&quot;_transform_translateY_effect&quot;:{&quot;unit&quot;:&quot;px&quot;,&quot;size&quot;:12,&quot;sizes&quot;:[]},&quot;_transform_translateX_effect&quot;:{&quot;unit&quot;:&quot;px&quot;,&quot;size&quot;:&quot;&quot;,&quot;sizes&quot;:[]},&quot;_transform_translateX_effect_tablet&quot;:{&quot;unit&quot;:&quot;px&quot;,&quot;size&quot;:&quot;&quot;,&quot;sizes&quot;:[]},&quot;_transform_translateX_effect_mobile&quot;:{&quot;unit&quot;:&quot;px&quot;,&quot;size&quot;:&quot;&quot;,&quot;sizes&quot;:[]},&quot;_transform_translateY_effect_tablet&quot;:{&quot;unit&quot;:&quot;px&quot;,&quot;size&quot;:&quot;&quot;,&quot;sizes&quot;:[]},&quot;_transform_translateY_effect_mobile&quot;:{&quot;unit&quot;:&quot;px&quot;,&quot;size&quot;:&quot;&quot;,&quot;sizes&quot;:[]}}\" data-widget_type=\"heading.default\">\n\t\t\t\t\t<h1 class=\"elementor-heading-title elementor-size-default\">About us \u2013 Mobile Refrigeration Service\n<\/h1>\t\t\t\t<\/div>\n\t\t\t\t<div class=\"elementor-element elementor-element-95e5f5d e-transform elementor-widget elementor-widget-text-editor\" data-id=\"95e5f5d\" data-element_type=\"widget\" data-e-type=\"widget\" data-settings=\"{&quot;_transform_translateY_effect&quot;:{&quot;unit&quot;:&quot;px&quot;,&quot;size&quot;:0,&quot;sizes&quot;:[]},&quot;_transform_translateX_effect&quot;:{&quot;unit&quot;:&quot;px&quot;,&quot;size&quot;:&quot;&quot;,&quot;sizes&quot;:[]},&quot;_transform_translateX_effect_tablet&quot;:{&quot;unit&quot;:&quot;px&quot;,&quot;size&quot;:&quot;&quot;,&quot;sizes&quot;:[]},&quot;_transform_translateX_effect_mobile&quot;:{&quot;unit&quot;:&quot;px&quot;,&quot;size&quot;:&quot;&quot;,&quot;sizes&quot;:[]},&quot;_transform_translateY_effect_tablet&quot;:{&quot;unit&quot;:&quot;px&quot;,&quot;size&quot;:&quot;&quot;,&quot;sizes&quot;:[]},&quot;_transform_translateY_effect_mobile&quot;:{&quot;unit&quot;:&quot;px&quot;,&quot;size&quot;:&quot;&quot;,&quot;sizes&quot;:[]}}\" data-widget_type=\"text-editor.default\">\n\t\t\t\t\t\t\t\t\t<p>We specialize in mobile repair and diagnostics of refrigeration units in transport vehicles in Szczecin, the West Pomeranian Voivodeship and on international routes.<\/p><p>We serve transport companies, carriers and refrigerated truck owners on domestic and international routes.<\/p>\t\t\t\t\t\t\t\t<\/div>\n\t\t\t\t\t<\/div>\n\t\t\t\t<\/div>\n\t\t<div class=\"elementor-element elementor-element-1c8dc60 e-grid e-con-boxed e-con e-parent\" data-id=\"1c8dc60\" data-element_type=\"container\" data-e-type=\"container\">\n\t\t\t\t\t<div class=\"e-con-inner\">\n\t\t\t\t<div class=\"elementor-element elementor-element-cc115ab elementor-widget elementor-widget-text-editor\" data-id=\"cc115ab\" data-element_type=\"widget\" data-e-type=\"widget\" data-widget_type=\"text-editor.default\">\n\t\t\t\t\t\t\t\t\t<p><strong>Many years of experience in mobile service<\/strong><\/p>\n<p>The experience on which the company's operations are based was built over approximately 15 years of work with refrigeration units in road transport. For 10 years, mobile repairs and diagnostics have been carried out in Great Britain, in the model of an outgoing service operating directly at the customer's site and on the road.<\/p>\n<p>Working in field conditions, under time pressure and with responsibility for loads requiring controlled temperatures allowed us to develop effective diagnostic and repair procedures.<\/p>\t\t\t\t\t\t\t\t<\/div>\n\t\t\t\t<div class=\"elementor-element elementor-element-67fb253 e-transform elementor-widget elementor-widget-image\" data-id=\"67fb253\" data-element_type=\"widget\" data-e-type=\"widget\" data-settings=\"{&quot;_transform_rotateZ_effect_hover&quot;:{&quot;unit&quot;:&quot;px&quot;,&quot;size&quot;:&quot;&quot;,&quot;sizes&quot;:[]},&quot;_transform_rotateZ_effect_hover_tablet&quot;:{&quot;unit&quot;:&quot;deg&quot;,&quot;size&quot;:&quot;&quot;,&quot;sizes&quot;:[]},&quot;_transform_rotateZ_effect_hover_mobile&quot;:{&quot;unit&quot;:&quot;deg&quot;,&quot;size&quot;:&quot;&quot;,&quot;sizes&quot;:[]}}\" data-widget_type=\"image.default\">\n\t\t\t\t\t\t\t\t\t\t\t\t\t\t\t<img decoding=\"async\" src=\"https:\/\/rgmobilnyserwischlodniczy.pl\/wp-content\/uploads\/elementor\/thumbs\/ChatGPT-Image-3-lut-2026-16_06_41-rim6mbnr4e76mjttd3ydscqg415a2vaqw8w0vqczhc.png\" title=\"Naprawa agregatu ch\u0142odniczego\" alt=\"serwis agregatu ch\u0142odniczego 24\/7\" class=\"elementor-animation-grow\" loading=\"lazy\" \/>\t\t\t\t\t\t\t\t\t\t\t\t\t\t\t<\/div>\n\t\t\t\t\t<\/div>\n\t\t\t\t<\/div>\n\t\t<div class=\"elementor-element elementor-element-1c75d73 e-grid e-con-boxed e-con e-parent\" data-id=\"1c75d73\" data-element_type=\"container\" data-e-type=\"container\">\n\t\t\t\t\t<div class=\"e-con-inner\">\n\t\t\t\t<div class=\"elementor-element elementor-element-26b4f4a elementor-widget elementor-widget-image\" data-id=\"26b4f4a\" data-element_type=\"widget\" data-e-type=\"widget\" data-widget_type=\"image.default\">\n\t\t\t\t\t\t\t\t\t\t\t\t\t\t\t<img decoding=\"async\" src=\"https:\/\/rgmobilnyserwischlodniczy.pl\/wp-content\/uploads\/elementor\/thumbs\/ChatGPT-Image-2-lut-2026-18_37_28-rikmi4z2mwpu169dtvg0w526bidutjauh97teppkf4.png\" title=\"Mobilny serwis ch\u0142odni\" alt=\"mobilny serwis ch\u0142odni transportowej\" class=\"elementor-animation-grow\" loading=\"lazy\" \/>\t\t\t\t\t\t\t\t\t\t\t\t\t\t\t<\/div>\n\t\t\t\t<div class=\"elementor-element elementor-element-e584e3a e-transform elementor-widget elementor-widget-text-editor\" data-id=\"e584e3a\" data-element_type=\"widget\" data-e-type=\"widget\" data-settings=\"{&quot;_transform_translateY_effect&quot;:{&quot;unit&quot;:&quot;px&quot;,&quot;size&quot;:0,&quot;sizes&quot;:[]},&quot;_transform_translateX_effect&quot;:{&quot;unit&quot;:&quot;px&quot;,&quot;size&quot;:&quot;&quot;,&quot;sizes&quot;:[]},&quot;_transform_translateX_effect_tablet&quot;:{&quot;unit&quot;:&quot;px&quot;,&quot;size&quot;:&quot;&quot;,&quot;sizes&quot;:[]},&quot;_transform_translateX_effect_mobile&quot;:{&quot;unit&quot;:&quot;px&quot;,&quot;size&quot;:&quot;&quot;,&quot;sizes&quot;:[]},&quot;_transform_translateY_effect_tablet&quot;:{&quot;unit&quot;:&quot;px&quot;,&quot;size&quot;:&quot;&quot;,&quot;sizes&quot;:[]},&quot;_transform_translateY_effect_mobile&quot;:{&quot;unit&quot;:&quot;px&quot;,&quot;size&quot;:&quot;&quot;,&quot;sizes&quot;:[]}}\" data-widget_type=\"text-editor.default\">\n\t\t\t\t\t\t\t\t\t<p>\u00a0<\/p>\n<p><strong>Dlaczego stworzyli\u015bmy mobilny serwis w Polsce<\/strong><\/p>\n<p>Po analizie rynku w Polsce zauwa\u017cyli\u015bmy wyra\u017any brak wyspecjalizowanych mobilnych serwis\u00f3w agregat\u00f3w ch\u0142odniczych dzia\u0142aj\u0105cych typowo dla transportu drogowego. W wielu przypadkach naprawa wymaga zjazdu do warsztatu, co powoduje dodatkowe koszty oraz przestoje pojazd\u00f3w.<\/p>\n<p>RG Mobilny Serwis Ch\u0142odniczy powsta\u0142, aby przenie\u015b\u0107 sprawdzony model mobilnego serwisu i zaoferowa\u0107 firmom transportowym realn\u0105 pomoc w miejscu wyst\u0105pienia usterki.<\/p>\t\t\t\t\t\t\t\t<\/div>\n\t\t\t\t\t<\/div>\n\t\t\t\t<\/div>\n\t\t<div class=\"elementor-element elementor-element-a25639b e-grid e-con-boxed e-con e-parent\" data-id=\"a25639b\" data-element_type=\"container\" data-e-type=\"container\">\n\t\t\t\t\t<div class=\"e-con-inner\">\n\t\t\t\t<div class=\"elementor-element elementor-element-1a899da elementor-align-center elementor-widget elementor-widget-button\" data-id=\"1a899da\" data-element_type=\"widget\" data-e-type=\"widget\" data-widget_type=\"button.default\">\n\t\t\t\t\t\t\t\t\t\t<a class=\"elementor-button elementor-button-link elementor-size-sm\" href=\"tel:+48500645141\">\n\t\t\t\t\t\t<span class=\"elementor-button-content-wrapper\">\n\t\t\t\t\t\t\t\t\t<span class=\"elementor-button-text\">Zadzwo\u0144 \u2013 mobilny serwis agregat\u00f3w ch\u0142odniczych<\/span>\n\t\t\t\t\t<\/span>\n\t\t\t\t\t<\/a>\n\t\t\t\t\t\t\t\t<\/div>\n\t\t\t\t\t<\/div>\n\t\t\t\t<\/div>\n\t\t<div class=\"elementor-element elementor-element-4bda1f0 e-grid e-con-boxed e-con e-parent\" data-id=\"4bda1f0\" data-element_type=\"container\" data-e-type=\"container\">\n\t\t\t\t\t<div class=\"e-con-inner\">\n\t\t\t\t<div class=\"elementor-element elementor-element-a42fe97 elementor-widget elementor-widget-text-editor\" data-id=\"a42fe97\" data-element_type=\"widget\" data-e-type=\"widget\" data-widget_type=\"text-editor.default\">\n\t\t\t\t\t\t\t\t\t<p>\u00a0<strong>Jak pracujemy na co dzie\u0144<\/strong><\/p><p>Dzia\u0142amy w modelu mobilnym \u2014 doje\u017cd\u017camy do klienta i w miar\u0119 mo\u017cliwo\u015bci wykonujemy diagnostyk\u0119 oraz napraw\u0119 na miejscu. Obs\u0142ugujemy agregaty ch\u0142odnicze w naczepach i pojazdach transportowych, koncentruj\u0105c si\u0119 na szybkim przywr\u00f3ceniu sprawno\u015bci urz\u0105dzenia.<\/p><p>Stawiamy na rzeteln\u0105 diagnoz\u0119, jasne zasady wsp\u00f3\u0142pracy i rzeczow\u0105 komunikacj\u0119. Ka\u017cde zg\u0142oszenie traktowane jest indywidualnie, z uwzgl\u0119dnieniem sytuacji transportowej klienta.<\/p><ul><li data-start=\"2021\" data-end=\"2040\"><p data-start=\"2023\" data-end=\"2040\">dojazd do klienta<\/p><\/li><li data-start=\"2041\" data-end=\"2065\"><p data-start=\"2043\" data-end=\"2065\">diagnostyka na miejscu<\/p><\/li><li data-start=\"2066\" data-end=\"2097\"><p data-start=\"2068\" data-end=\"2097\">naprawa w trasie lub na bazie<\/p><\/li><li data-start=\"2098\" data-end=\"2131\"><p data-start=\"2100\" data-end=\"2131\">szybkie przywr\u00f3cenie sprawno\u015bci<\/p><\/li><\/ul>\t\t\t\t\t\t\t\t<\/div>\n\t\t\t\t<div class=\"elementor-element elementor-element-0395ebc elementor-widget elementor-widget-image\" data-id=\"0395ebc\" data-element_type=\"widget\" data-e-type=\"widget\" data-widget_type=\"image.default\">\n\t\t\t\t\t\t\t\t\t\t\t\t\t\t\t<img decoding=\"async\" src=\"https:\/\/rgmobilnyserwischlodniczy.pl\/wp-content\/uploads\/elementor\/thumbs\/kLTNQR1Q-ridxr4c9z08cfq9aajlvdsa0ui8ifftwu8tao1nams.jpg\" title=\"Naprawa agregatu ch\u0142odniczego\" alt=\"mobilna naprawa agregatu ch\u0142odniczego\" class=\"elementor-animation-grow\" loading=\"lazy\" \/>\t\t\t\t\t\t\t\t\t\t\t\t\t\t\t<\/div>\n\t\t\t\t\t<\/div>\n\t\t\t\t<\/div>\n\t\t<div class=\"elementor-element elementor-element-9563559 e-grid e-con-boxed e-con e-parent\" data-id=\"9563559\" data-element_type=\"container\" data-e-type=\"container\">\n\t\t\t\t\t<div class=\"e-con-inner\">\n\t\t\t\t<div class=\"elementor-element elementor-element-6e6d6a7 elementor-widget elementor-widget-image\" data-id=\"6e6d6a7\" data-element_type=\"widget\" data-e-type=\"widget\" data-widget_type=\"image.default\">\n\t\t\t\t\t\t\t\t\t\t\t\t\t\t\t<img fetchpriority=\"high\" decoding=\"async\" width=\"1024\" height=\"683\" src=\"https:\/\/rgmobilnyserwischlodniczy.pl\/wp-content\/uploads\/2026\/02\/ChatGPT-Image-3-lut-2026-17_07_57-1024x683.png\" class=\"elementor-animation-grow attachment-large size-large wp-image-1194\" alt=\"obszar dojazdu serwisu ch\u0142odni transportowych\" srcset=\"https:\/\/rgmobilnyserwischlodniczy.pl\/wp-content\/uploads\/2026\/02\/ChatGPT-Image-3-lut-2026-17_07_57-1024x683.png 1024w, https:\/\/rgmobilnyserwischlodniczy.pl\/wp-content\/uploads\/2026\/02\/ChatGPT-Image-3-lut-2026-17_07_57-300x200.png 300w, https:\/\/rgmobilnyserwischlodniczy.pl\/wp-content\/uploads\/2026\/02\/ChatGPT-Image-3-lut-2026-17_07_57-768x512.png 768w, https:\/\/rgmobilnyserwischlodniczy.pl\/wp-content\/uploads\/2026\/02\/ChatGPT-Image-3-lut-2026-17_07_57.png 1536w\" sizes=\"(max-width: 1024px) 100vw, 1024px\" title=\"O nas RG Mobilny Serwis Ch\u0142odniczy\">\t\t\t\t\t\t\t\t\t\t\t\t\t\t\t<\/div>\n\t\t\t\t<div class=\"elementor-element elementor-element-c81c444 elementor-widget elementor-widget-text-editor\" data-id=\"c81c444\" data-element_type=\"widget\" data-e-type=\"widget\" data-widget_type=\"text-editor.default\">\n\t\t\t\t\t\t\t\t\t<p><strong>Obszar dzia\u0142ania \u2013 Polska i wyjazdy zagraniczne<\/strong><\/p>\n<p>Na co dzie\u0144 dzia\u0142amy na terenie Szczecina oraz ca\u0142ego wojew\u00f3dztwa zachodniopomorskiego. Realizujemy naprawy w bazach transportowych, na parkingach oraz w miejscach postoju pojazd\u00f3w.<\/p>\n<p>W uzasadnionych przypadkach mo\u017cliwa jest r\u00f3wnie\u017c pomoc serwisowa poza granicami kraju \u2014 szczeg\u00f3lnie przy pilnych awariach w transporcie mi\u0119dzynarodowym. Ka\u017cde zg\u0142oszenie analizujemy indywidualnie.<\/p>\t\t\t\t\t\t\t\t<\/div>\n\t\t\t\t\t<\/div>\n\t\t\t\t<\/div>\n\t\t<div class=\"elementor-element elementor-element-c47af41 e-grid e-con-boxed e-con e-parent\" data-id=\"c47af41\" data-element_type=\"container\" data-e-type=\"container\">\n\t\t\t\t\t<div class=\"e-con-inner\">\n\t\t\t\t<div class=\"elementor-element elementor-element-b4dfd01 elementor-widget elementor-widget-text-editor\" data-id=\"b4dfd01\" data-element_type=\"widget\" data-e-type=\"widget\" data-widget_type=\"text-editor.default\">\n\t\t\t\t\t\t\t\t\t<p>\u00a0<\/p>\n<p><strong>Rzetelno\u015b\u0107 i normalne zasady wsp\u00f3\u0142pracy<\/strong><\/p>\n<p>Stawiamy na uczciwe i przejrzyste podej\u015bcie do klienta. Bez zb\u0119dnych obietnic i bez przeci\u0105gania napraw. Najwa\u017cniejsza jest skuteczno\u015b\u0107 dzia\u0142ania, bezpiecze\u0144stwo \u0142adunku oraz szybki powr\u00f3t pojazdu do pracy.<\/p>\n<p>Naszym celem jest d\u0142ugofalowa wsp\u00f3\u0142praca z firmami transportowymi oparta na zaufaniu i jako\u015bci wykonanej us\u0142ugi.<\/p>\t\t\t\t\t\t\t\t<\/div>\n\t\t\t\t<div class=\"elementor-element elementor-element-f93ed07 elementor-widget elementor-widget-image\" data-id=\"f93ed07\" data-element_type=\"widget\" data-e-type=\"widget\" data-widget_type=\"image.default\">\n\t\t\t\t\t\t\t\t\t\t\t\t\t\t\t<img decoding=\"async\" src=\"https:\/\/rgmobilnyserwischlodniczy.pl\/wp-content\/uploads\/elementor\/thumbs\/77305787_3790305524328372_3342186212210245632_n-scaled-rim9lh9e8gvy686fnffa1ba61cznkop5mm8qfbha5c.jpg\" title=\"Naprawa agregatu ch\u0142odniczego\" alt=\"awaryjna naprawa agregatu ch\u0142odniczego\" class=\"elementor-animation-grow\" loading=\"lazy\" \/>\t\t\t\t\t\t\t\t\t\t\t\t\t\t\t<\/div>\n\t\t\t\t\t<\/div>\n\t\t\t\t<\/div>\n\t\t<div class=\"elementor-element elementor-element-6a3e7c8 e-grid e-con-boxed e-con e-parent\" data-id=\"6a3e7c8\" data-element_type=\"container\" data-e-type=\"container\">\n\t\t\t\t\t<div class=\"e-con-inner\">\n\t\t\t\t<div class=\"elementor-element elementor-element-d0550e6 elementor-widget elementor-widget-heading\" data-id=\"d0550e6\" data-element_type=\"widget\" data-e-type=\"widget\" data-widget_type=\"heading.default\">\n\t\t\t\t\t<h2 class=\"elementor-heading-title elementor-size-default\">Mobilny serwis agregat\u00f3w ch\u0142odniczych \u2013 do\u015bwiadczenie i praca w terenie\n<\/h2>\t\t\t\t<\/div>\n\t\t\t\t\t<\/div>\n\t\t\t\t<\/div>\n\t\t<div class=\"elementor-element elementor-element-bbb23c6 e-flex e-con-boxed e-con e-parent\" data-id=\"bbb23c6\" data-element_type=\"container\" data-e-type=\"container\">\n\t\t\t\t\t<div class=\"e-con-inner\">\n\t\t\t\t<div class=\"elementor-element elementor-element-9454516 elementor-align-center elementor-widget elementor-widget-button\" data-id=\"9454516\" data-element_type=\"widget\" data-e-type=\"widget\" data-widget_type=\"button.default\">\n\t\t\t\t\t\t\t\t\t\t<a class=\"elementor-button elementor-button-link elementor-size-sm\" href=\"tel:+48500645141\">\n\t\t\t\t\t\t<span class=\"elementor-button-content-wrapper\">\n\t\t\t\t\t\t\t\t\t<span class=\"elementor-button-text\">Zadzwo\u0144 \u2013 mobilny serwis agregat\u00f3w ch\u0142odniczych<\/span>\n\t\t\t\t\t<\/span>\n\t\t\t\t\t<\/a>\n\t\t\t\t\t\t\t\t<\/div>\n\t\t\t\t\t<\/div>\n\t\t\t\t<\/div>\n\t\t\t\t<\/div>","protected":false},"excerpt":{"rendered":"<p>O nas \u2013 Mobilny Serwis Agregat\u00f3w Ch\u0142odniczych Specjalizujemy si\u0119 w mobilnej naprawie i diagnostyce agregat\u00f3w ch\u0142odniczych w pojazdach transportowych na [&hellip;]<\/p>","protected":false},"author":1,"featured_media":0,"parent":0,"menu_order":0,"comment_status":"closed","ping_status":"closed","template":"","meta":{"_uag_custom_page_level_css":"","site-sidebar-layout":"default","site-content-layout":"","ast-site-content-layout":"default","site-content-style":"default","site-sidebar-style":"default","ast-global-header-display":"","ast-banner-title-visibility":"","ast-main-header-display":"","ast-hfb-above-header-display":"","ast-hfb-below-header-display":"","ast-hfb-mobile-header-display":"","site-post-title":"disabled","ast-breadcrumbs-content":"","ast-featured-img":"","footer-sml-layout":"","ast-disable-related-posts":"","theme-transparent-header-meta":"","adv-header-id-meta":"","stick-header-meta":"","header-above-stick-meta":"","header-main-stick-meta":"","header-below-stick-meta":"","astra-migrate-meta-layouts":"default","ast-page-background-enabled":"default","ast-page-background-meta":{"desktop":{"background-color":"var(--ast-global-color-4)","background-image":"","background-repeat":"repeat","background-position":"center center","background-size":"auto","background-attachment":"scroll","background-type":"","background-media":"","overlay-type":"","overlay-color":"","overlay-opacity":"","overlay-gradient":""},"tablet":{"background-color":"","background-image":"","background-repeat":"repeat","background-position":"center center","background-size":"auto","background-attachment":"scroll","background-type":"","background-media":"","overlay-type":"","overlay-color":"","overlay-opacity":"","overlay-gradient":""},"mobile":{"background-color":"","background-image":"","background-repeat":"repeat","background-position":"center center","background-size":"auto","background-attachment":"scroll","background-type":"","background-media":"","overlay-type":"","overlay-color":"","overlay-opacity":"","overlay-gradient":""}},"ast-content-background-meta":{"desktop":{"background-color":"var(--ast-global-color-5)","background-image":"","background-repeat":"repeat","background-position":"center center","background-size":"auto","background-attachment":"scroll","background-type":"","background-media":"","overlay-type":"","overlay-color":"","overlay-opacity":"","overlay-gradient":""},"tablet":{"background-color":"var(--ast-global-color-5)","background-image":"","background-repeat":"repeat","background-position":"center center","background-size":"auto","background-attachment":"scroll","background-type":"","background-media":"","overlay-type":"","overlay-color":"","overlay-opacity":"","overlay-gradient":""},"mobile":{"background-color":"var(--ast-global-color-5)","background-image":"","background-repeat":"repeat","background-position":"center center","background-size":"auto","background-attachment":"scroll","background-type":"","background-media":"","overlay-type":"","overlay-color":"","overlay-opacity":"","overlay-gradient":""}},"_themeisle_gutenberg_block_has_review":false,"footnotes":""},"class_list":["post-809","page","type-page","status-publish","hentry"],"_hostinger_reach_plugin_has_subscription_block":false,"_hostinger_reach_plugin_is_elementor":false,"uagb_featured_image_src":{"full":false,"thumbnail":false,"medium":false,"medium_large":false,"large":false,"1536x1536":false,"2048x2048":false,"trp-custom-language-flag":false},"uagb_author_info":{"display_name":"heheszek","author_link":"https:\/\/rgmobilnyserwischlodniczy.pl\/en\/author\/heheszek\/"},"uagb_comment_info":0,"uagb_excerpt":"O nas \u2013 Mobilny Serwis Agregat\u00f3w Ch\u0142odniczych Specjalizujemy si\u0119 w mobilnej naprawie i diagnostyce agregat\u00f3w ch\u0142odniczych w pojazdach transportowych na [&hellip;]","_links":{"self":[{"href":"https:\/\/rgmobilnyserwischlodniczy.pl\/en\/wp-json\/wp\/v2\/pages\/809","targetHints":{"allow":["GET"]}}],"collection":[{"href":"https:\/\/rgmobilnyserwischlodniczy.pl\/en\/wp-json\/wp\/v2\/pages"}],"about":[{"href":"https:\/\/rgmobilnyserwischlodniczy.pl\/en\/wp-json\/wp\/v2\/types\/page"}],"author":[{"embeddable":true,"href":"https:\/\/rgmobilnyserwischlodniczy.pl\/en\/wp-json\/wp\/v2\/users\/1"}],"replies":[{"embeddable":true,"href":"https:\/\/rgmobilnyserwischlodniczy.pl\/en\/wp-json\/wp\/v2\/comments?post=809"}],"version-history":[{"count":31,"href":"https:\/\/rgmobilnyserwischlodniczy.pl\/en\/wp-json\/wp\/v2\/pages\/809\/revisions"}],"predecessor-version":[{"id":1281,"href":"https:\/\/rgmobilnyserwischlodniczy.pl\/en\/wp-json\/wp\/v2\/pages\/809\/revisions\/1281"}],"wp:attachment":[{"href":"https:\/\/rgmobilnyserwischlodniczy.pl\/en\/wp-json\/wp\/v2\/media?parent=809"}],"curies":[{"name":"wp","href":"https:\/\/api.w.org\/{rel}","templated":true}]}}